{"id":4005,"date":"2026-02-04T09:47:21","date_gmt":"2026-02-04T08:47:21","guid":{"rendered":"https:\/\/katemill.com\/?page_id=4005"},"modified":"2026-02-24T16:34:53","modified_gmt":"2026-02-24T15:34:53","slug":"info","status":"publish","type":"page","link":"https:\/\/katemill.com\/en\/info\/","title":{"rendered":"Kursmodelle"},"content":{"rendered":"<div class=\"wp-block-uagb-container uagb-block-1b52010a alignfull uagb-is-root-container\"><div class=\"uagb-container-inner-blocks-wrap\">\n<div class=\"wp-block-uagb-advanced-heading uagb-block-88715cfd\"><h2 class=\"uagb-heading-text\">Kursmodelle<\/h2><\/div>\n\n\n\n<p class=\"has-theme-palette-3-color has-text-color has-link-color wp-elements-bbdc0304e9da40e1e4e263a2475935cd\">Bei uns w\u00e4hlst Du aus <strong>vier einzigartigen Kursformaten<\/strong> \u2013 je nachdem, wonach Dir gerade ist und was Dein K\u00f6rper braucht.<\/p>\n\n\n\n<p class=\"has-theme-palette-3-color has-text-color has-link-color wp-elements-07417b07a5d736ff038f67b305f0e626\">Jeder Kurs setzt einen eigenen Fokus: Kraft, Ausdauer, Definition oder bewusste Aktivierung. Gemeinsam ergeben sie ein durchdachtes System, das Dich Woche f\u00fcr Woche st\u00e4rker, fitter und ausgeglichener macht.<\/p>\n\n\n\n<p class=\"has-theme-palette-3-color has-text-color has-link-color wp-elements-020522e1801d26a745bf311d7d7503a2\">So entsteht Deine pers\u00f6nliche Routine \u2013 abwechslungsreich, effektiv und perfekt auf Dich abgestimmt<\/p>\n\n\n\n<div class=\"wp-block-uagb-container uagb-block-5012e9bf\">\n<div class=\"wp-block-columns has-theme-palette-3-color has-text-color has-link-color wp-elements-1a752cb4833d73d260597e640d6b8606 is-layout-flex wp-container-core-columns-is-layout-9d6595d7 wp-block-columns-is-layout-flex\">\n<div class=\"wp-block-column is-layout-flow wp-block-column-is-layout-flow\" style=\"flex-basis:50%\">\n<figure class=\"wp-block-image size-full is-style-rounded\"><img loading=\"lazy\" decoding=\"async\" width=\"945\" height=\"643\" src=\"https:\/\/katemill.com\/wp-content\/uploads\/2026\/02\/WhatsApp-Image-2026-02-01-at-3.11.14-PM.jpeg\" alt=\"\" class=\"wp-image-4006\" srcset=\"https:\/\/katemill.com\/wp-content\/uploads\/2026\/02\/WhatsApp-Image-2026-02-01-at-3.11.14-PM.jpeg 945w, https:\/\/katemill.com\/wp-content\/uploads\/2026\/02\/WhatsApp-Image-2026-02-01-at-3.11.14-PM-300x204.jpeg 300w, https:\/\/katemill.com\/wp-content\/uploads\/2026\/02\/WhatsApp-Image-2026-02-01-at-3.11.14-PM-768x523.jpeg 768w, https:\/\/katemill.com\/wp-content\/uploads\/2026\/02\/WhatsApp-Image-2026-02-01-at-3.11.14-PM-18x12.jpeg 18w, https:\/\/katemill.com\/wp-content\/uploads\/2026\/02\/WhatsApp-Image-2026-02-01-at-3.11.14-PM-500x340.jpeg 500w, https:\/\/katemill.com\/wp-content\/uploads\/2026\/02\/WhatsApp-Image-2026-02-01-at-3.11.14-PM-800x544.jpeg 800w\" sizes=\"auto, (max-width: 945px) 100vw, 945px\" \/><\/figure>\n\n\n\n<div class=\"wp-block-uagb-advanced-heading uagb-block-0d0090e1\"><h2 class=\"uagb-heading-text\">Pilates <\/h2><\/div>\n\n\n\n<p>Ein Ganzk\u00f6rpertraining mit Fokus auf de Tiefenmuskulatur. St\u00e4rkt deine Haltung und K\u00f6rperspannung. Slow &amp; strong, bewusst und tief. <br>Je nach Kurs liegt der Fokus unterschiedlich \u2013 mal auf <strong>Bauch &amp; Armen<\/strong>, mal auf <strong>Beine &amp; Po<\/strong>, oder einer ausgewogenen Ganzk\u00f6rpereinheit. So bleibt das Training abwechslungsreich und gezielt, ohne den ganzheitlichen Ansatz zu verlieren.<br><strong>Dauer:<\/strong> <strong>45 Minuten.<\/strong><\/p>\n\n\n\n<p><strong>Ideal f\u00fcr alle, die effektiv trainieren m\u00f6chten \u2013 mit Fokus auf K\u00f6rpermitte, Haltung und ein bewusstes, starkes K\u00f6rpergef\u00fchl.<\/strong><\/p>\n<\/div>\n\n\n\n<div class=\"wp-block-column is-layout-flow wp-block-column-is-layout-flow\" style=\"flex-basis:50%\">\n<figure class=\"wp-block-image size-large is-resized is-style-rounded\"><img loading=\"lazy\" decoding=\"async\" width=\"687\" height=\"1024\" src=\"https:\/\/katemill.com\/wp-content\/uploads\/2026\/02\/WhatsApp-Image-2026-02-01-at-3.05.55-PM-687x1024.jpeg\" alt=\"\" class=\"wp-image-3980\" style=\"aspect-ratio:0.6708947163476497;width:183px;height:auto\" srcset=\"https:\/\/katemill.com\/wp-content\/uploads\/2026\/02\/WhatsApp-Image-2026-02-01-at-3.05.55-PM-687x1024.jpeg 687w, https:\/\/katemill.com\/wp-content\/uploads\/2026\/02\/WhatsApp-Image-2026-02-01-at-3.05.55-PM-201x300.jpeg 201w, https:\/\/katemill.com\/wp-content\/uploads\/2026\/02\/WhatsApp-Image-2026-02-01-at-3.05.55-PM-768x1145.jpeg 768w, https:\/\/katemill.com\/wp-content\/uploads\/2026\/02\/WhatsApp-Image-2026-02-01-at-3.05.55-PM-1030x1536.jpeg 1030w, https:\/\/katemill.com\/wp-content\/uploads\/2026\/02\/WhatsApp-Image-2026-02-01-at-3.05.55-PM-8x12.jpeg 8w, https:\/\/katemill.com\/wp-content\/uploads\/2026\/02\/WhatsApp-Image-2026-02-01-at-3.05.55-PM-500x746.jpeg 500w, https:\/\/katemill.com\/wp-content\/uploads\/2026\/02\/WhatsApp-Image-2026-02-01-at-3.05.55-PM-800x1193.jpeg 800w, https:\/\/katemill.com\/wp-content\/uploads\/2026\/02\/WhatsApp-Image-2026-02-01-at-3.05.55-PM.jpeg 1073w\" sizes=\"auto, (max-width: 687px) 100vw, 687px\" \/><\/figure>\n\n\n\n<h2 class=\"wp-block-heading has-theme-palette-1-color has-text-color has-link-color wp-elements-cf3a81c36bfea7590f13429d97730a60\">Power Yoga<\/h2>\n\n\n\n<p>Kein Standard Yoga- flie\u00dfend, kraftvoll und klar.  Vinyasa-Flow wird kombiniert mit statischen Haltephasen \u2013 f\u00fcr St\u00e4rke, Flexibilit\u00e4t und Fokus.<br>Nicht esoterisch, sondern energetisch. Kein &#8222;Ommm&#8220;, sondern &#8222;Let\u2019s go&#8220;.<br>Perfekt f\u00fcr alle, die mit Yoga nicht einschlafen, sondern aufbl\u00fchen wollen.<br><strong>Dauer: 60 Minuten. <\/strong><\/p>\n\n\n\n<p><strong>Intensiv, aber anf\u00e4ngerfreundlich.<\/strong><\/p>\n<\/div>\n<\/div>\n<\/div>\n<\/div><\/div>\n\n\n\n<p><\/p>\n\n\n\n<div class=\"wp-block-columns has-theme-palette-3-color has-text-color has-link-color wp-elements-7c703da823e9f84e572a32cb06a2ab9d is-layout-flex wp-container-core-columns-is-layout-9d6595d7 wp-block-columns-is-layout-flex\">\n<div class=\"wp-block-column is-layout-flow wp-block-column-is-layout-flow\" style=\"flex-basis:50%\">\n<figure class=\"wp-block-image size-full is-style-rounded\"><img loading=\"lazy\" decoding=\"async\" width=\"945\" height=\"643\" src=\"https:\/\/katemill.com\/wp-content\/uploads\/2026\/02\/WhatsApp-Image-2026-02-01-at-3.11.14-PM.jpeg\" alt=\"\" class=\"wp-image-4006\" srcset=\"https:\/\/katemill.com\/wp-content\/uploads\/2026\/02\/WhatsApp-Image-2026-02-01-at-3.11.14-PM.jpeg 945w, https:\/\/katemill.com\/wp-content\/uploads\/2026\/02\/WhatsApp-Image-2026-02-01-at-3.11.14-PM-300x204.jpeg 300w, https:\/\/katemill.com\/wp-content\/uploads\/2026\/02\/WhatsApp-Image-2026-02-01-at-3.11.14-PM-768x523.jpeg 768w, https:\/\/katemill.com\/wp-content\/uploads\/2026\/02\/WhatsApp-Image-2026-02-01-at-3.11.14-PM-18x12.jpeg 18w, https:\/\/katemill.com\/wp-content\/uploads\/2026\/02\/WhatsApp-Image-2026-02-01-at-3.11.14-PM-500x340.jpeg 500w, https:\/\/katemill.com\/wp-content\/uploads\/2026\/02\/WhatsApp-Image-2026-02-01-at-3.11.14-PM-800x544.jpeg 800w\" sizes=\"auto, (max-width: 945px) 100vw, 945px\" \/><\/figure>\n\n\n\n<h2 class=\"wp-block-heading has-theme-palette-1-color has-text-color has-link-color wp-elements-64502c14497a50fe5db92bf6d356a143\">Relax Yoga<\/h2>\n\n\n\n<p>Dein Moment zum Runterfahren. In diesem Kurs stehen <strong>sanfte Bewegungen, bewusste Atmung und tiefe Entspannung<\/strong> im Fokus \u2013 perfekt, um deinem K\u00f6rper nach intensivem Krafttraining genau das zu geben, was er braucht.<br><strong>Dauer: 60 Minuten.<\/strong><\/p>\n\n\n\n<p><strong>Ideale f\u00fcr Balance, Regeneration und Achtsamkeit<\/strong>.<\/p>\n\n\n\n<p><\/p>\n<\/div>\n\n\n\n<div class=\"wp-block-column is-layout-flow wp-block-column-is-layout-flow\" style=\"flex-basis:50%\">\n<figure class=\"wp-block-image size-large is-resized is-style-rounded\"><img loading=\"lazy\" decoding=\"async\" width=\"687\" height=\"1024\" src=\"https:\/\/katemill.com\/wp-content\/uploads\/2026\/02\/WhatsApp-Image-2026-02-01-at-3.05.55-PM-687x1024.jpeg\" alt=\"\" class=\"wp-image-3980\" style=\"aspect-ratio:0.6708947163476497;width:183px;height:auto\" srcset=\"https:\/\/katemill.com\/wp-content\/uploads\/2026\/02\/WhatsApp-Image-2026-02-01-at-3.05.55-PM-687x1024.jpeg 687w, https:\/\/katemill.com\/wp-content\/uploads\/2026\/02\/WhatsApp-Image-2026-02-01-at-3.05.55-PM-201x300.jpeg 201w, https:\/\/katemill.com\/wp-content\/uploads\/2026\/02\/WhatsApp-Image-2026-02-01-at-3.05.55-PM-768x1145.jpeg 768w, https:\/\/katemill.com\/wp-content\/uploads\/2026\/02\/WhatsApp-Image-2026-02-01-at-3.05.55-PM-1030x1536.jpeg 1030w, https:\/\/katemill.com\/wp-content\/uploads\/2026\/02\/WhatsApp-Image-2026-02-01-at-3.05.55-PM-8x12.jpeg 8w, https:\/\/katemill.com\/wp-content\/uploads\/2026\/02\/WhatsApp-Image-2026-02-01-at-3.05.55-PM-500x746.jpeg 500w, https:\/\/katemill.com\/wp-content\/uploads\/2026\/02\/WhatsApp-Image-2026-02-01-at-3.05.55-PM-800x1193.jpeg 800w, https:\/\/katemill.com\/wp-content\/uploads\/2026\/02\/WhatsApp-Image-2026-02-01-at-3.05.55-PM.jpeg 1073w\" sizes=\"auto, (max-width: 687px) 100vw, 687px\" \/><\/figure>\n\n\n\n<h2 class=\"wp-block-heading has-theme-palette-1-color has-text-color has-link-color wp-elements-00851f5b3674388468051871a2f49c93\"><strong>Mobility<\/strong><\/h2>\n\n\n\n<p>Hier geht es um aktive Beweglichkeit, Gelenkgesundheit und funktionale Kraft. Du arbeitest an Range of Motion, Faszien, K\u00f6rperspannung \u2013 immer mit Flow und Fokus.<br>Ideal als Erg\u00e4nzung zu Krafttraining oder B\u00fcroalltag.<br><strong>50 Minuten. Sp\u00fcrbar. Effektiv. <\/strong><\/p>\n\n\n\n<p><strong>Kraft und Dehnung, <\/strong><br><strong>Ideal bei Arthrose und R\u00fcckenbeschwerden.<\/strong><\/p>\n<\/div>\n<\/div>\n\n\n\n<p class=\"has-theme-palette-2-color has-text-color has-link-color wp-elements-af3682ac69d252ecbf5593d2939d46cd\"><\/p>\n\n\n\n<div class=\"wp-block-uagb-call-to-action uagb-block-6c391a8f wp-block-button\"><div class=\"uagb-cta__wrap\"><h3 class=\"uagb-cta__title\">Hier geht es zum Kursplan<\/h3><p class=\"uagb-cta__desc\">Weitere Infos<\/p><\/div><div class=\"uagb-cta__buttons\"><a href=\"\/en\/www.katemill.com\/kurse\/\" class=\"uagb-cta__button-link-wrapper wp-block-button__link\" target=\"_self\" rel=\"noopener noreferrer\">Kursplan<svg xmlns=\"https:\/\/www.w3.org\/2000\/svg\" viewbox=\"0 0 512 512\"><path d=\"M504.3 273.6l-112.1 104c-6.992 6.484-17.18 8.218-25.94 4.406c-8.758-3.812-14.42-12.45-14.42-21.1L351.9 288H32C14.33 288 .0002 273.7 .0002 255.1S14.33 224 32 224h319.9l0-72c0-9.547 5.66-18.19 14.42-22c8.754-3.809 18.95-2.075 25.94 4.41l112.1 104C514.6 247.9 514.6 264.1 504.3 273.6z\"><\/path><\/svg><\/a><\/div><\/div>\n\n\n<div id=\"sbw_z0hg2i_calendar\"><\/div><script type=\"text\/javascript\">function instantiateSimplyBookWidget() {    new SimplybookWidget({        \"widget_type\": \"iframe\",        \"url\": \"https:\/\/katemill.simplybook.me\",        \"theme\": \"default\",        \"theme_settings\": {\"timeline_show_end_time\":false,\"timeline_hide_unavailable\":true,\"hide_past_days\":false,\"hide_img_mode\":true,\"show_sidebar\":true,\"timeline_modern_display\":\"as_slots\",\"display_item_mode\":\"block\",\"sb_base_color\":\"#000000\",\"booking_nav_bg_color\":\"#cf9b32\",\"body_bg_color\":\"#f7f7f7\",\"dark_font_color\":\"#494949\",\"light_font_color\":\"#ffffff\",\"btn_color_1\":\"#b48425\",\"sb_company_label_color\":\"#c99122\",\"sb_busy\":\"#000000\",\"sb_available\":\"#055B78\",\"sb_review_image\":\"\",\"hide_company_label\":false,\"link_color\":\"#e49092\"},        \"timeline\": \"modern\",        \"datepicker\": \"top_calendar\",        \"is_rtl\": \"\",        \"app_config\": {            \"clear_session\": \"1\",            \"allow_switch_to_ada\": \"\",            \"predefined\": [],        },        \"container_id\": \"sbw_z0hg2i_calendar\"    });}document.addEventListener(\"DOMContentLoaded\", instantiateSimplyBookWidget);document.addEventListener(\"loadSimplyBookPreviewWidget\", instantiateSimplyBookWidget);<\/script>","protected":false},"excerpt":{"rendered":"<p>Kursmodelle Bei uns w\u00e4hlst Du aus vier einzigartigen Kursformaten \u2013 je nachdem, wonach Dir gerade ist und was Dein K\u00f6rper braucht. Jeder Kurs setzt einen eigenen Fokus: Kraft, Ausdauer, Definition oder bewusste Aktivierung. Gemeinsam ergeben sie ein durchdachtes System, das Dich Woche f\u00fcr Woche st\u00e4rker, fitter und ausgeglichener macht. So entsteht Deine pers\u00f6nliche Routine \u2013&#8230;<\/p>","protected":false},"author":1,"featured_media":0,"parent":0,"menu_order":0,"comment_status":"closed","ping_status":"closed","template":"","meta":{"_uag_custom_page_level_css":"","_monsterinsights_skip_tracking":false,"_monsterinsights_sitenote_active":false,"_monsterinsights_sitenote_note":"","_monsterinsights_sitenote_category":0,"_kadence_starter_templates_imported_post":false,"_kad_post_transparent":"","_kad_post_title":"","_kad_post_layout":"","_kad_post_sidebar_id":"","_kad_post_content_style":"","_kad_post_vertical_padding":"","_kad_post_feature":"","_kad_post_feature_position":"","_kad_post_header":false,"_kad_post_footer":false,"_kad_post_classname":"","footnotes":""},"class_list":["post-4005","page","type-page","status-publish","hentry"],"uagb_featured_image_src":{"full":false,"thumbnail":false,"medium":false,"medium_large":false,"large":false,"1536x1536":false,"2048x2048":false,"trp-custom-language-flag":false,"awb_sm":false,"awb_md":false,"awb_lg":false,"awb_xl":false},"uagb_author_info":{"display_name":"Kate Mill","author_link":"https:\/\/katemill.com\/en\/author\/admin\/"},"uagb_comment_info":0,"uagb_excerpt":"Kursmodelle Bei uns w\u00e4hlst Du aus vier einzigartigen Kursformaten \u2013 je nachdem, wonach Dir gerade ist und was Dein K\u00f6rper braucht. Jeder Kurs setzt einen eigenen Fokus: Kraft, Ausdauer, Definition oder bewusste Aktivierung. Gemeinsam ergeben sie ein durchdachtes System, das Dich Woche f\u00fcr Woche st\u00e4rker, fitter und ausgeglichener macht. So entsteht Deine pers\u00f6nliche Routine \u2013...","_links":{"self":[{"href":"https:\/\/katemill.com\/en\/wp-json\/wp\/v2\/pages\/4005","targetHints":{"allow":["GET"]}}],"collection":[{"href":"https:\/\/katemill.com\/en\/wp-json\/wp\/v2\/pages"}],"about":[{"href":"https:\/\/katemill.com\/en\/wp-json\/wp\/v2\/types\/page"}],"author":[{"embeddable":true,"href":"https:\/\/katemill.com\/en\/wp-json\/wp\/v2\/users\/1"}],"replies":[{"embeddable":true,"href":"https:\/\/katemill.com\/en\/wp-json\/wp\/v2\/comments?post=4005"}],"version-history":[{"count":11,"href":"https:\/\/katemill.com\/en\/wp-json\/wp\/v2\/pages\/4005\/revisions"}],"predecessor-version":[{"id":4097,"href":"https:\/\/katemill.com\/en\/wp-json\/wp\/v2\/pages\/4005\/revisions\/4097"}],"wp:attachment":[{"href":"https:\/\/katemill.com\/en\/wp-json\/wp\/v2\/media?parent=4005"}],"curies":[{"name":"wp","href":"https:\/\/api.w.org\/{rel}","templated":true}]}}